{"id":277,"date":"2024-04-14T09:38:51","date_gmt":"2024-04-14T08:38:51","guid":{"rendered":"https:\/\/dachbodenschaetze.de\/?page_id=277"},"modified":"2024-04-14T09:38:51","modified_gmt":"2024-04-14T08:38:51","slug":"erinnerungen","status":"publish","type":"page","link":"https:\/\/dachbodenschaetze.de\/?page_id=277","title":{"rendered":"Erinnerungen"},"content":{"rendered":"\n<p>Nichts ist pers\u00f6nlicher als Ihr eigenes Leben!<\/p>\n\n\n<div class=\"wp-block-image\">\n<figure class=\"alignleft size-full is-resized\"><img loading=\"lazy\" decoding=\"async\" width=\"179\" height=\"179\" src=\"https:\/\/dachbodenschaetze.de\/wp-content\/uploads\/2024\/04\/Damenkopf.jpg\" alt=\"\" class=\"wp-image-278\" style=\"width:50px\" srcset=\"https:\/\/dachbodenschaetze.de\/wp-content\/uploads\/2024\/04\/Damenkopf.jpg 179w, https:\/\/dachbodenschaetze.de\/wp-content\/uploads\/2024\/04\/Damenkopf-150x150.jpg 150w\" sizes=\"(max-width: 179px) 100vw, 179px\" \/><\/figure><\/div>\n\n\n<p>In Zeiten, wo alles alles automatischer wird \u2026 Das ideale Geschenk f\u00fcr den runden Geburtstag. Lassen sie Ihre Erinnerungen f\u00fcr Kinder, Enkel und alle k\u00fcnftigen Generationen professionell aufzeichnen. Sie erz\u00e4hlen entspannt, ich frage nach und bringe es anschlie\u00dfend in eine angenehm lesbare Form. Nat\u00fcrlich bleibt alles vertraulich, was nicht ausdr\u00fccklich von Ihnen freigegeben wird. <\/p>\n\n\n\n<p>Nur 50\u20ac pro Interview-Stunde.<\/p>\n","protected":false},"excerpt":{"rendered":"<p>Nichts ist pers\u00f6nlicher als Ihr eigenes Leben! In Zeiten, wo alles alles automatischer wird \u2026 Das ideale Geschenk f\u00fcr den runden Geburtstag. Lassen sie Ihre Erinnerungen f\u00fcr Kinder, Enkel und alle k\u00fcnftigen Generationen professionell aufzeichnen. Sie erz\u00e4hlen entspannt, ich frage nach und bringe es anschlie\u00dfend in eine angenehm lesbare Form. Nat\u00fcrlich bleibt alles vertraulich, was [&hellip;]<\/p>\n","protected":false},"author":1,"featured_media":0,"parent":0,"menu_order":0,"comment_status":"closed","ping_status":"closed","template":"","meta":{"iawp_total_views":12,"footnotes":""},"_links":{"self":[{"href":"https:\/\/dachbodenschaetze.de\/index.php?rest_route=\/wp\/v2\/pages\/277"}],"collection":[{"href":"https:\/\/dachbodenschaetze.de\/index.php?rest_route=\/wp\/v2\/pages"}],"about":[{"href":"https:\/\/dachbodenschaetze.de\/index.php?rest_route=\/wp\/v2\/types\/page"}],"author":[{"embeddable":true,"href":"https:\/\/dachbodenschaetze.de\/index.php?rest_route=\/wp\/v2\/users\/1"}],"replies":[{"embeddable":true,"href":"https:\/\/dachbodenschaetze.de\/index.php?rest_route=%2Fwp%2Fv2%2Fcomments&post=277"}],"version-history":[{"count":1,"href":"https:\/\/dachbodenschaetze.de\/index.php?rest_route=\/wp\/v2\/pages\/277\/revisions"}],"predecessor-version":[{"id":279,"href":"https:\/\/dachbodenschaetze.de\/index.php?rest_route=\/wp\/v2\/pages\/277\/revisions\/279"}],"wp:attachment":[{"href":"https:\/\/dachbodenschaetze.de\/index.php?rest_route=%2Fwp%2Fv2%2Fmedia&parent=277"}],"curies":[{"name":"wp","href":"https:\/\/api.w.org\/{rel}","templated":true}]}}