{"id":104,"date":"2024-04-13T07:49:37","date_gmt":"2024-04-13T07:49:37","guid":{"rendered":"http:\/\/dachbodenschaetze.de\/?page_id=104"},"modified":"2025-12-13T17:35:48","modified_gmt":"2025-12-13T16:35:48","slug":"ueber-mich","status":"publish","type":"page","link":"https:\/\/dachbodenschaetze.de\/?page_id=104","title":{"rendered":"\u00dcber mich:"},"content":{"rendered":"\n<p><strong>\u00dcber mich:<\/strong><\/p>\n\n\n\n<p>Als gelernte Historikerin habe ich mich bereit vor Jahren in Emsdetten selbst\u00e4ndig gemacht. Ein gewisser regionaler Schwerpunkt ist die Folge, aber ich \u00fcbernehme gern auch Auftr\u00e4ge, die dar\u00fcber hinausgehen. Bei allem, das nicht f\u00fcr eine Publikation vorgesehen ist, ist absolute Diskretion selbstverst\u00e4ndlich.<\/p>\n\n\n\n<p><strong>Publikationen:&nbsp;<\/strong><\/p>\n\n\n\n<p>seit 2009 bis heute vierzehnt\u00e4gige historische Kolumne zur Emsdettener Lokalgeschichte in der \u201eEmsdettener Volkszeitung\u201c<\/p>\n\n\n\n<p><strong>In Vorbereitung: <\/strong><\/p>\n\n\n\n<p>\u201eZu disciplinarischen Ma\u00dfregeln gegen den Amtmann liegt keine Veranlassung vor\u201c. Amtm\u00e4nner des Kreises Steinfurt in der Kritik, 1891-1921<\/p>\n\n\n\n<p>Baujahre. Die Anfangsjahre der Bundesrepublik im Altkreis Steinfurt<\/p>\n\n\n\n<p><strong>Erschienen<\/strong><\/p>\n\n\n\n<p>2023 Ein Amerikaner in Antwerpen. Die Lebensreise des Heinrich Pottmeyer (1862-1930), in: Westf\u00e4lische Zeitschrift Bd. 172&nbsp;<\/p>\n\n\n\n<p>2022: Arbeitseinsatz von Kriegsgefangenen im 1. Weltkrieg am Beispiel Emsdetten, in: Nordm\u00fcnsterland. Forschungen und Funde, Bd. 9\u00a0<\/p>\n\n\n\n<p>2020 Mortalit\u00e4t w\u00e4hrend der \u201eSpanischen\u201c Grippe in Emsdetten 1918\/19, in: Nordm\u00fcnsterland, Forschungen und Funde, Bd. 7<\/p>\n\n\n\n<p>2019 100 Jahre SPD Emsdetten (hg. vom Ortsverein Emsdetten)<\/p>\n\n\n\n<p>2019 \u201eIhr urgeigenster Beruf\u201c. Die hauswirtschaftliche Arbeiterinnen-Berufsschule im Emsdetten der 1920er Jahre, in: Nordm\u00fcnsterland. Forschungen und Funde, Bd. 6<\/p>\n\n\n\n<p>2016 50 Jahre IG Metall Rheine<\/p>\n\n\n\n<p>2014 Der rote Faden durch Grevens Stadtgeschichte (Forts. der Arbeit von Peter Jalufka)<\/p>\n\n\n\n<p>2011 Tanzjahre. Emsdetten in den Zwanziger Jahren, Ardey-Verlag, M\u00fcnster<\/p>\n\n\n\n<p>2009 Wie aus Kaufleuten Fabrikanten wurden. \u2013&nbsp; Die Firma J. C. Biederlack &amp; Cie im Spiegel ihrer Inventarien 1812-1892, in: Grevener Geschichtsbl\u00e4tter 5<\/p>\n\n\n\n<p>2008 Deutsche Hollandg\u00e4nger als Gastarbeiter im Nachbarland,<br>in: Unser Kreis 2009. Jahrbuch f\u00fcr den Kreis Steinfurt<\/p>\n\n\n\n<p>1989 Pauperismus und Diakonie. Pastor Ameler und die sozialen Vereine in Herford um 1850, in: Mooser\/Krull\/Hey\/Gie\u00dfelmann (Hg.), Frommes Volk und Patrioten. Erweckungsbewegung und soziale Frage im \u00f6stlichen Westfalen 1800-1900, Verlag f\u00fcr Regionalgeschichte, Bielefeld<\/p>\n","protected":false},"excerpt":{"rendered":"<p>\u00dcber mich: Als gelernte Historikerin habe ich mich bereit vor Jahren in Emsdetten selbst\u00e4ndig gemacht. Ein gewisser regionaler Schwerpunkt ist die Folge, aber ich \u00fcbernehme gern auch Auftr\u00e4ge, die dar\u00fcber hinausgehen. Bei allem, das nicht f\u00fcr eine Publikation vorgesehen ist, ist absolute Diskretion selbstverst\u00e4ndlich. Publikationen:&nbsp; seit 2009 bis heute vierzehnt\u00e4gige historische Kolumne zur Emsdettener Lokalgeschichte [&hellip;]<\/p>\n","protected":false},"author":1,"featured_media":0,"parent":0,"menu_order":0,"comment_status":"closed","ping_status":"closed","template":"","meta":{"iawp_total_views":86,"footnotes":""},"_links":{"self":[{"href":"https:\/\/dachbodenschaetze.de\/index.php?rest_route=\/wp\/v2\/pages\/104"}],"collection":[{"href":"https:\/\/dachbodenschaetze.de\/index.php?rest_route=\/wp\/v2\/pages"}],"about":[{"href":"https:\/\/dachbodenschaetze.de\/index.php?rest_route=\/wp\/v2\/types\/page"}],"author":[{"embeddable":true,"href":"https:\/\/dachbodenschaetze.de\/index.php?rest_route=\/wp\/v2\/users\/1"}],"replies":[{"embeddable":true,"href":"https:\/\/dachbodenschaetze.de\/index.php?rest_route=%2Fwp%2Fv2%2Fcomments&post=104"}],"version-history":[{"count":3,"href":"https:\/\/dachbodenschaetze.de\/index.php?rest_route=\/wp\/v2\/pages\/104\/revisions"}],"predecessor-version":[{"id":743,"href":"https:\/\/dachbodenschaetze.de\/index.php?rest_route=\/wp\/v2\/pages\/104\/revisions\/743"}],"wp:attachment":[{"href":"https:\/\/dachbodenschaetze.de\/index.php?rest_route=%2Fwp%2Fv2%2Fmedia&parent=104"}],"curies":[{"name":"wp","href":"https:\/\/api.w.org\/{rel}","templated":true}]}}