{"id":102,"date":"2024-04-13T07:44:16","date_gmt":"2024-04-13T07:44:16","guid":{"rendered":"http:\/\/dachbodenschaetze.de\/?page_id=102"},"modified":"2024-05-09T14:07:30","modified_gmt":"2024-05-09T13:07:30","slug":"was-wichtig-ist","status":"publish","type":"page","link":"https:\/\/dachbodenschaetze.de\/?page_id=102","title":{"rendered":"Kontakt:"},"content":{"rendered":"<h1>Impressum<\/h1>\n<p>Anke Hackethal<br \/>\nGeschichtsb\u00fcro Anke Hackethal<br \/>\nNeubr\u00fcckenstra\u00dfe 20<br \/>\n48282 Emsdetten<\/p>\n<h2>Kontakt<\/h2>\n<p>E-Mail: info(at)dachbodenschaetze.de<\/p>\n<h2>Steuer-ID:<\/h2>\n<p>421 237 905 83<\/p>\n<h2>EU-Streitschlichtung<\/h2>\n<p>Die Europ\u00e4ische Kommission stellt eine Plattform zur Online-Streitbeilegung (OS) bereit: <a href=\"https:\/\/ec.europa.eu\/consumers\/odr\/\" target=\"_blank\" rel=\"noopener noreferrer\">https:\/\/ec.europa.eu\/consumers\/odr\/<\/a>.<br \/>\nUnsere E-Mail-Adresse finden Sie oben im Impressum.<\/p>\n<h2>Verbraucher\u00adstreit\u00adbeilegung\/Universal\u00adschlichtungs\u00adstelle<\/h2>\n<p>Wir sind nicht bereit oder verpflichtet, an Streitbeilegungsverfahren vor einer Verbraucherschlichtungsstelle teilzunehmen.<\/p>\n<p>Quelle: <a href=\"https:\/\/www.e-recht24.de\">eRecht24<\/a><\/p>\n","protected":false},"excerpt":{"rendered":"<p>Impressum Anke Hackethal Geschichtsb\u00fcro Anke Hackethal Neubr\u00fcckenstra\u00dfe 20 48282 Emsdetten Kontakt E-Mail: info(at)dachbodenschaetze.de Steuer-ID: 421 237 905 83 EU-Streitschlichtung Die Europ\u00e4ische Kommission stellt eine Plattform zur Online-Streitbeilegung (OS) bereit: https:\/\/ec.europa.eu\/consumers\/odr\/. Unsere E-Mail-Adresse finden Sie oben im Impressum. Verbraucher\u00adstreit\u00adbeilegung\/Universal\u00adschlichtungs\u00adstelle Wir sind nicht bereit oder verpflichtet, an Streitbeilegungsverfahren vor einer Verbraucherschlichtungsstelle teilzunehmen. Quelle: eRecht24<\/p>\n","protected":false},"author":1,"featured_media":0,"parent":0,"menu_order":0,"comment_status":"closed","ping_status":"closed","template":"","meta":{"iawp_total_views":45,"footnotes":""},"_links":{"self":[{"href":"https:\/\/dachbodenschaetze.de\/index.php?rest_route=\/wp\/v2\/pages\/102"}],"collection":[{"href":"https:\/\/dachbodenschaetze.de\/index.php?rest_route=\/wp\/v2\/pages"}],"about":[{"href":"https:\/\/dachbodenschaetze.de\/index.php?rest_route=\/wp\/v2\/types\/page"}],"author":[{"embeddable":true,"href":"https:\/\/dachbodenschaetze.de\/index.php?rest_route=\/wp\/v2\/users\/1"}],"replies":[{"embeddable":true,"href":"https:\/\/dachbodenschaetze.de\/index.php?rest_route=%2Fwp%2Fv2%2Fcomments&post=102"}],"version-history":[{"count":4,"href":"https:\/\/dachbodenschaetze.de\/index.php?rest_route=\/wp\/v2\/pages\/102\/revisions"}],"predecessor-version":[{"id":492,"href":"https:\/\/dachbodenschaetze.de\/index.php?rest_route=\/wp\/v2\/pages\/102\/revisions\/492"}],"wp:attachment":[{"href":"https:\/\/dachbodenschaetze.de\/index.php?rest_route=%2Fwp%2Fv2%2Fmedia&parent=102"}],"curies":[{"name":"wp","href":"https:\/\/api.w.org\/{rel}","templated":true}]}}